{"id":11357,"date":"2018-05-03T08:45:09","date_gmt":"2018-05-03T08:45:09","guid":{"rendered":"https:\/\/www.galletaspolen.com\/?page_id=11357"},"modified":"2026-02-05T11:34:58","modified_gmt":"2026-02-05T11:34:58","slug":"darse-de-alta","status":"publish","type":"page","link":"https:\/\/www.galletaspolen.com\/en\/darse-de-alta\/","title":{"rendered":"Register as a distributor"},"content":{"rendered":"<div data-elementor-type=\"wp-page\" data-elementor-id=\"11357\" class=\"elementor elementor-11357\" data-elementor-post-type=\"page\">\n\t\t\t\t<div class=\"elementor-element elementor-element-a15827e e-flex e-con-boxed e-con e-parent\" data-id=\"a15827e\" data-element_type=\"container\">\n\t\t\t\t\t<div class=\"e-con-inner\">\n\t\t<div class=\"elementor-element elementor-element-131eddb e-con-full e-flex e-con e-child\" data-id=\"131eddb\" data-element_type=\"container\">\n\t\t\t\t<div class=\"elementor-element elementor-element-2cae07c elementor-widget elementor-widget-heading\" data-id=\"2cae07c\" data-element_type=\"widget\" data-widget_type=\"heading.default\">\n\t\t\t\t\t<h1 class=\"elementor-heading-title elementor-size-default\">\u00bfQuieres distribuir nuestros productos?<\/h1>\t\t\t\t<\/div>\n\t\t\t\t<div class=\"elementor-element elementor-element-851315a color-scheme-inherit text-left elementor-widget elementor-widget-text-editor\" data-id=\"851315a\" data-element_type=\"widget\" data-widget_type=\"text-editor.default\">\n\t\t\t\t\t\t\t\t\t<h5>En tan solo tres pasos, podr\u00e1s distribuir nuestros productos:<\/h5>\t\t\t\t\t\t\t\t<\/div>\n\t\t\t\t<div class=\"elementor-element elementor-element-87a4983 elementor-icon-list--layout-traditional elementor-list-item-link-full_width elementor-widget elementor-widget-icon-list\" data-id=\"87a4983\" data-element_type=\"widget\" data-widget_type=\"icon-list.default\">\n\t\t\t\t\t\t\t<ul class=\"elementor-icon-list-items\">\n\t\t\t\t\t\t\t<li class=\"elementor-icon-list-item\">\n\t\t\t\t\t\t\t\t\t\t\t<span class=\"elementor-icon-list-icon\">\n\t\t\t\t\t\t\t<svg aria-hidden=\"true\" class=\"e-font-icon-svg e-fas-edit\" viewbox=\"0 0 576 512\" xmlns=\"http:\/\/www.w3.org\/2000\/svg\"><path d=\"M402.6 83.2l90.2 90.2c3.8 3.8 3.8 10 0 13.8L274.4 405.6l-92.8 10.3c-12.4 1.4-22.9-9.1-21.5-21.5l10.3-92.8L388.8 83.2c3.8-3.8 10-3.8 13.8 0zm162-22.9l-48.8-48.8c-15.2-15.2-39.9-15.2-55.2 0l-35.4 35.4c-3.8 3.8-3.8 10 0 13.8l90.2 90.2c3.8 3.8 10 3.8 13.8 0l35.4-35.4c15.2-15.3 15.2-40 0-55.2zM384 346.2V448H64V128h229.8c3.2 0 6.2-1.3 8.5-3.5l40-40c7.6-7.6 2.2-20.5-8.5-20.5H48C21.5 64 0 85.5 0 112v352c0 26.5 21.5 48 48 48h352c26.5 0 48-21.5 48-48V306.2c0-10.7-12.9-16-20.5-8.5l-40 40c-2.2 2.3-3.5 5.3-3.5 8.5z\"><\/path><\/svg>\t\t\t\t\t\t<\/span>\n\t\t\t\t\t\t\t\t\t\t<span class=\"elementor-icon-list-text\"><b>1-<\/b> Cumplimenta el formulario<\/span>\n\t\t\t\t\t\t\t\t\t<\/li>\n\t\t\t\t\t\t\t\t<li class=\"elementor-icon-list-item\">\n\t\t\t\t\t\t\t\t\t\t\t<span class=\"elementor-icon-list-icon\">\n\t\t\t\t\t\t\t<svg aria-hidden=\"true\" class=\"e-font-icon-svg e-fas-user-clock\" viewbox=\"0 0 640 512\" xmlns=\"http:\/\/www.w3.org\/2000\/svg\"><path d=\"M496 224c-79.6 0-144 64.4-144 144s64.4 144 144 144 144-64.4 144-144-64.4-144-144-144zm64 150.3c0 5.3-4.4 9.7-9.7 9.7h-60.6c-5.3 0-9.7-4.4-9.7-9.7v-76.6c0-5.3 4.4-9.7 9.7-9.7h12.6c5.3 0 9.7 4.4 9.7 9.7V352h38.3c5.3 0 9.7 4.4 9.7 9.7v12.6zM320 368c0-27.8 6.7-54.1 18.2-77.5-8-1.5-16.2-2.5-24.6-2.5h-16.7c-22.2 10.2-46.9 16-72.9 16s-50.6-5.8-72.9-16h-16.7C60.2 288 0 348.2 0 422.4V464c0 26.5 21.5 48 48 48h347.1c-45.3-31.9-75.1-84.5-75.1-144zm-96-112c70.7 0 128-57.3 128-128S294.7 0 224 0 96 57.3 96 128s57.3 128 128 128z\"><\/path><\/svg>\t\t\t\t\t\t<\/span>\n\t\t\t\t\t\t\t\t\t\t<span class=\"elementor-icon-list-text\"><b>2-<\/b> Estudiaremos tu solicitud y la validaremos<\/span>\n\t\t\t\t\t\t\t\t\t<\/li>\n\t\t\t\t\t\t\t\t<li class=\"elementor-icon-list-item\">\n\t\t\t\t\t\t\t\t\t\t\t<span class=\"elementor-icon-list-icon\">\n\t\t\t\t\t\t\t<svg aria-hidden=\"true\" class=\"e-font-icon-svg e-fas-key\" viewbox=\"0 0 512 512\" xmlns=\"http:\/\/www.w3.org\/2000\/svg\"><path d=\"M512 176.001C512 273.203 433.202 352 336 352c-11.22 0-22.19-1.062-32.827-3.069l-24.012 27.014A23.999 23.999 0 0 1 261.223 384H224v40c0 13.255-10.745 24-24 24h-40v40c0 13.255-10.745 24-24 24H24c-13.255 0-24-10.745-24-24v-78.059c0-6.365 2.529-12.47 7.029-16.971l161.802-161.802C163.108 213.814 160 195.271 160 176 160 78.798 238.797.001 335.999 0 433.488-.001 512 78.511 512 176.001zM336 128c0 26.51 21.49 48 48 48s48-21.49 48-48-21.49-48-48-48-48 21.49-48 48z\"><\/path><\/svg>\t\t\t\t\t\t<\/span>\n\t\t\t\t\t\t\t\t\t\t<span class=\"elementor-icon-list-text\"><b>3-<\/b> Recibir\u00e1s por correo la contrase\u00f1a de acceso a nuestra p\u00e1gina de distribuidores en donde encontrar\u00e1s informaci\u00f3n de cada producto<\/span>\n\t\t\t\t\t\t\t\t\t<\/li>\n\t\t\t\t\t\t<\/ul>\n\t\t\t\t\t\t<\/div>\n\t\t\t\t<div class=\"elementor-element elementor-element-6df6f8d wd-cf7 elementor-widget elementor-widget-wd_contact_form_7\" data-id=\"6df6f8d\" data-element_type=\"widget\" data-widget_type=\"wd_contact_form_7.default\">\n\t\t\t\t<div class=\"elementor-widget-container\">\n\t\t\t\t\t\n<div class=\"wpcf7 no-js\" id=\"wpcf7-f11361-o1\" lang=\"es-ES\" dir=\"ltr\" data-wpcf7-id=\"11361\">\n<div class=\"screen-reader-response\"><p role=\"status\" aria-live=\"polite\" aria-atomic=\"true\"><\/p> <ul><\/ul><\/div>\n<form action=\"\/en\/wp-json\/wp\/v2\/pages\/11357#wpcf7-f11361-o1\" method=\"post\" class=\"wpcf7-form init\" aria-label=\"Formulario de contacto\" novalidate=\"novalidate\" data-status=\"init\" data-trp-original-action=\"\/en\/wp-json\/wp\/v2\/pages\/11357#wpcf7-f11361-o1\">\n<fieldset class=\"hidden-fields-container\"><input type=\"hidden\" name=\"_wpcf7\" value=\"11361\" \/><input type=\"hidden\" name=\"_wpcf7_version\" value=\"6.1.5\" \/><input type=\"hidden\" name=\"_wpcf7_locale\" value=\"es_ES\" \/><input type=\"hidden\" name=\"_wpcf7_unit_tag\" value=\"wpcf7-f11361-o1\" \/><input type=\"hidden\" name=\"_wpcf7_container_post\" value=\"0\" \/><input type=\"hidden\" name=\"_wpcf7_posted_data_hash\" value=\"\" \/><input type=\"hidden\" name=\"_wpcf7_recaptcha_response\" value=\"\" \/>\n<\/fieldset>\n<p><label> Name (required)<br \/>\n<span class=\"wpcf7-form-control-wrap\" data-name=\"your-name\"><input size=\"40\" maxlength=\"400\" class=\"wpcf7-form-control wpcf7-text wpcf7-validates-as-required\" aria-required=\"true\" aria-invalid=\"false\" value=\"\" type=\"text\" name=\"your-name\" \/><\/span> <\/label>\n<\/p>\n<p><label> Email (requerido)<br \/>\n<span class=\"wpcf7-form-control-wrap\" data-name=\"your-email\"><input size=\"40\" maxlength=\"400\" class=\"wpcf7-form-control wpcf7-email wpcf7-validates-as-required wpcf7-text wpcf7-validates-as-email\" aria-required=\"true\" aria-invalid=\"false\" value=\"\" type=\"email\" name=\"your-email\" \/><\/span> <\/label>\n<\/p>\n<p><label> Telephone (required)<br \/>\n<span class=\"wpcf7-form-control-wrap\" data-name=\"your-tel\"><input size=\"40\" maxlength=\"400\" class=\"wpcf7-form-control wpcf7-tel wpcf7-validates-as-required wpcf7-text wpcf7-validates-as-tel\" aria-required=\"true\" aria-invalid=\"false\" value=\"\" type=\"tel\" name=\"your-tel\" \/><\/span><\/label>\n<\/p>\n<p><label> CIF \/ NIF (requerido)<br \/>\n<span class=\"wpcf7-form-control-wrap\" data-name=\"your-cif\"><input size=\"40\" maxlength=\"400\" class=\"wpcf7-form-control wpcf7-text wpcf7-validates-as-required\" aria-required=\"true\" aria-invalid=\"false\" value=\"\" type=\"text\" name=\"your-cif\" \/><\/span><\/label>\n<\/p>\n<p><label> Direcci\u00f3n (requerido)<br \/>\n<span class=\"wpcf7-form-control-wrap\" data-name=\"your-address\"><input size=\"40\" maxlength=\"400\" class=\"wpcf7-form-control wpcf7-text wpcf7-validates-as-required\" aria-required=\"true\" aria-invalid=\"false\" value=\"\" type=\"text\" name=\"your-address\" \/><\/span><\/label>\n<\/p>\n<p><label> C\u00f3digo postal (requerido)<br \/>\n<span class=\"wpcf7-form-control-wrap\" data-name=\"your-cp\"><input size=\"40\" maxlength=\"400\" class=\"wpcf7-form-control wpcf7-text wpcf7-validates-as-required\" aria-required=\"true\" aria-invalid=\"false\" value=\"\" type=\"text\" name=\"your-cp\" \/><\/span><\/label>\n<\/p>\n<p><label> N\u00famero de veh\u00edculos en reparto (requerido)<br \/>\n<span class=\"wpcf7-form-control-wrap\" data-name=\"your-vehicles\"><input size=\"40\" maxlength=\"400\" class=\"wpcf7-form-control wpcf7-text wpcf7-validates-as-required\" aria-required=\"true\" aria-invalid=\"false\" value=\"\" type=\"text\" name=\"your-vehicles\" \/><\/span><\/label>\n<\/p>\n<p><label> Zona de \u00e1mbito geogr\u00e1fico (requerido)<br \/>\n<span class=\"wpcf7-form-control-wrap\" data-name=\"your-zone\"><input size=\"40\" maxlength=\"400\" class=\"wpcf7-form-control wpcf7-text wpcf7-validates-as-required\" aria-required=\"true\" aria-invalid=\"false\" value=\"\" type=\"text\" name=\"your-zone\" \/><\/span><\/label>\n<\/p>\n<p><label> Marcas que representan en la actualidad (requerido)<br \/>\n<span class=\"wpcf7-form-control-wrap\" data-name=\"your-brands\"><input size=\"40\" maxlength=\"400\" class=\"wpcf7-form-control wpcf7-text wpcf7-validates-as-required\" aria-required=\"true\" aria-invalid=\"false\" value=\"\" type=\"text\" name=\"your-brands\" \/><\/span><\/label>\n<\/p>\n<p><label><b>Data protection<\/b><br \/>\n<span class=\"wpcf7-form-control-wrap\" data-name=\"acceptance-536\"><span class=\"wpcf7-form-control wpcf7-acceptance\"><span class=\"wpcf7-list-item\"><input type=\"checkbox\" name=\"acceptance-536\" value=\"1\" aria-invalid=\"false\" \/><\/span><\/span><\/span>We will use your data to answer queries and carry out statistical analysis. For more information on processing and your rights, please see the <u><a href=\"\/en\/privacy-and-data-protection-policy\/#politica-de-privacidad\">Privacy Policy<\/a><\/u>.<\/label>\n<\/p>\n<p><input class=\"wpcf7-form-control wpcf7-submit has-spinner\" type=\"submit\" value=\"Send\" \/>\n<\/p><div class=\"wpcf7-response-output\" aria-hidden=\"true\"><\/div>\n<input type=\"hidden\" name=\"trp-form-language\" value=\"en\"\/><\/form>\n<\/div>\n\t\t\t\t<\/div>\n\t\t\t\t<\/div>\n\t\t\t\t<\/div>\n\t\t<div class=\"elementor-element elementor-element-688c0f9 e-con-full e-flex e-con e-child\" data-id=\"688c0f9\" data-element_type=\"container\">\n\t\t<div class=\"elementor-element elementor-element-7833f1a e-con-full e-flex e-con e-child\" data-id=\"7833f1a\" data-element_type=\"container\" data-settings=\"{&quot;background_background&quot;:&quot;classic&quot;}\">\n\t\t\t\t<div class=\"elementor-element elementor-element-ce68ef6 elementor-widget elementor-widget-heading\" data-id=\"ce68ef6\" data-element_type=\"widget\" data-widget_type=\"heading.default\">\n\t\t\t\t\t<h2 class=\"elementor-heading-title elementor-size-default\">\u00bfYa eres distribuidor?<\/h2>\t\t\t\t<\/div>\n\t\t\t\t<div class=\"elementor-element elementor-element-3c759c3 color-scheme-inherit text-left elementor-widget elementor-widget-text-editor\" data-id=\"3c759c3\" data-element_type=\"widget\" data-widget_type=\"text-editor.default\">\n\t\t\t\t\t\t\t\t\t<h5>Si ya eres distribuidor de Galletas Polen, por favor accede a nuestra zona de distribuidores.<\/h5>\t\t\t\t\t\t\t\t<\/div>\n\t\t\t\t<div class=\"elementor-element elementor-element-dd9a973 elementor-align-center elementor-widget elementor-widget-button\" data-id=\"dd9a973\" data-element_type=\"widget\" data-widget_type=\"button.default\">\n\t\t\t\t\t\t\t\t\t\t<a class=\"elementor-button elementor-button-link elementor-size-sm\" href=\"https:\/\/www.galletaspolen.com\/en\/acceso-distribuidores\/\">\n\t\t\t\t\t\t<span class=\"elementor-button-content-wrapper\">\n\t\t\t\t\t\t\t\t\t<span class=\"elementor-button-text\">Acceder como distribuidor<\/span>\n\t\t\t\t\t<\/span>\n\t\t\t\t\t<\/a>\n\t\t\t\t\t\t\t\t<\/div>\n\t\t\t\t<\/div>\n\t\t\t\t<\/div>\n\t\t\t\t\t<\/div>\n\t\t\t\t<\/div>\n\t\t\t\t<\/div>","protected":false},"excerpt":{"rendered":"<p>\u00bfQuieres distribuir nuestros productos? En tan solo tres pasos, podr\u00e1s distribuir nuestros productos: 1- Cumplimenta el formulario 2- Estudiaremos tu<\/p>","protected":false},"author":28,"featured_media":0,"parent":0,"menu_order":0,"comment_status":"open","ping_status":"closed","template":"","meta":{"footnotes":""},"class_list":["post-11357","page","type-page","status-publish","hentry"],"yoast_head":"<!-- This site is optimized with the Yoast SEO plugin v26.0 - https:\/\/yoast.com\/wordpress\/plugins\/seo\/ -->\n<title>Alta como distribuido de Galletas Polen, \u00a1Tu Tienda de Galletas!<\/title>\n<meta name=\"description\" content=\"Darse de alta como distribuidor de la tienda de galletas Polen es una oportunidad de ofrecer al cliente un producto 100% artesano.\" \/>\n<meta name=\"robots\" content=\"index, follow, max-snippet:-1, max-image-preview:large, max-video-preview:-1\" \/>\n<link rel=\"canonical\" href=\"https:\/\/www.galletaspolen.com\/en\/darse-de-alta\/\" \/>\n<meta property=\"og:locale\" content=\"en_GB\" \/>\n<meta property=\"og:type\" content=\"article\" \/>\n<meta property=\"og:title\" content=\"Alta como distribuido de Galletas Polen, \u00a1Tu Tienda de Galletas!\" \/>\n<meta property=\"og:description\" content=\"Darse de alta como distribuidor de la tienda de galletas Polen es una oportunidad de ofrecer al cliente un producto 100% artesano.\" \/>\n<meta property=\"og:url\" content=\"https:\/\/www.galletaspolen.com\/en\/darse-de-alta\/\" \/>\n<meta property=\"og:site_name\" content=\"Galletas Polen\" \/>\n<meta property=\"article:modified_time\" content=\"2026-02-05T11:34:58+00:00\" \/>\n<meta name=\"twitter:card\" content=\"summary_large_image\" \/>\n<meta name=\"twitter:label1\" content=\"Estimated reading time\" \/>\n\t<meta name=\"twitter:data1\" content=\"1 minute\" \/>\n<script type=\"application\/ld+json\" class=\"yoast-schema-graph\">{\"@context\":\"https:\/\/schema.org\",\"@graph\":[{\"@type\":\"WebPage\",\"@id\":\"https:\/\/www.galletaspolen.com\/darse-de-alta\/\",\"url\":\"https:\/\/www.galletaspolen.com\/darse-de-alta\/\",\"name\":\"Alta como distribuido de Galletas Polen, \u00a1Tu Tienda de Galletas!\",\"isPartOf\":{\"@id\":\"https:\/\/www.galletaspolen.com\/#website\"},\"datePublished\":\"2018-05-03T08:45:09+00:00\",\"dateModified\":\"2026-02-05T11:34:58+00:00\",\"description\":\"Darse de alta como distribuidor de la tienda de galletas Polen es una oportunidad de ofrecer al cliente un producto 100% artesano.\",\"breadcrumb\":{\"@id\":\"https:\/\/www.galletaspolen.com\/darse-de-alta\/#breadcrumb\"},\"inLanguage\":\"en-GB\",\"potentialAction\":[{\"@type\":\"ReadAction\",\"target\":[\"https:\/\/www.galletaspolen.com\/darse-de-alta\/\"]}]},{\"@type\":\"BreadcrumbList\",\"@id\":\"https:\/\/www.galletaspolen.com\/darse-de-alta\/#breadcrumb\",\"itemListElement\":[{\"@type\":\"ListItem\",\"position\":1,\"name\":\"Portada\",\"item\":\"https:\/\/www.galletaspolen.com\/\"},{\"@type\":\"ListItem\",\"position\":2,\"name\":\"Darse de alta como distribuidor\"}]},{\"@type\":\"WebSite\",\"@id\":\"https:\/\/www.galletaspolen.com\/#website\",\"url\":\"https:\/\/www.galletaspolen.com\/\",\"name\":\"Galletas Polen\",\"description\":\"Productos artesanales y autenticos\",\"potentialAction\":[{\"@type\":\"SearchAction\",\"target\":{\"@type\":\"EntryPoint\",\"urlTemplate\":\"https:\/\/www.galletaspolen.com\/?s={search_term_string}\"},\"query-input\":{\"@type\":\"PropertyValueSpecification\",\"valueRequired\":true,\"valueName\":\"search_term_string\"}}],\"inLanguage\":\"en-GB\"}]}<\/script>\n<!-- \/ Yoast SEO plugin. -->","yoast_head_json":{"title":"Alta como distribuido de Galletas Polen, \u00a1Tu Tienda de Galletas!","description":"Darse de alta como distribuidor de la tienda de galletas Polen es una oportunidad de ofrecer al cliente un producto 100% artesano.","robots":{"index":"index","follow":"follow","max-snippet":"max-snippet:-1","max-image-preview":"max-image-preview:large","max-video-preview":"max-video-preview:-1"},"canonical":"https:\/\/www.galletaspolen.com\/en\/darse-de-alta\/","og_locale":"en_GB","og_type":"article","og_title":"Alta como distribuido de Galletas Polen, \u00a1Tu Tienda de Galletas!","og_description":"Darse de alta como distribuidor de la tienda de galletas Polen es una oportunidad de ofrecer al cliente un producto 100% artesano.","og_url":"https:\/\/www.galletaspolen.com\/en\/darse-de-alta\/","og_site_name":"Galletas Polen","article_modified_time":"2026-02-05T11:34:58+00:00","twitter_card":"summary_large_image","twitter_misc":{"Estimated reading time":"1 minute"},"schema":{"@context":"https:\/\/schema.org","@graph":[{"@type":"WebPage","@id":"https:\/\/www.galletaspolen.com\/darse-de-alta\/","url":"https:\/\/www.galletaspolen.com\/darse-de-alta\/","name":"Alta como distribuido de Galletas Polen, \u00a1Tu Tienda de Galletas!","isPartOf":{"@id":"https:\/\/www.galletaspolen.com\/#website"},"datePublished":"2018-05-03T08:45:09+00:00","dateModified":"2026-02-05T11:34:58+00:00","description":"Darse de alta como distribuidor de la tienda de galletas Polen es una oportunidad de ofrecer al cliente un producto 100% artesano.","breadcrumb":{"@id":"https:\/\/www.galletaspolen.com\/darse-de-alta\/#breadcrumb"},"inLanguage":"en-GB","potentialAction":[{"@type":"ReadAction","target":["https:\/\/www.galletaspolen.com\/darse-de-alta\/"]}]},{"@type":"BreadcrumbList","@id":"https:\/\/www.galletaspolen.com\/darse-de-alta\/#breadcrumb","itemListElement":[{"@type":"ListItem","position":1,"name":"Portada","item":"https:\/\/www.galletaspolen.com\/"},{"@type":"ListItem","position":2,"name":"Darse de alta como distribuidor"}]},{"@type":"WebSite","@id":"https:\/\/www.galletaspolen.com\/#website","url":"https:\/\/www.galletaspolen.com\/","name":"Polen biscuits","description":"Artisan and authentic products","potentialAction":[{"@type":"SearchAction","target":{"@type":"EntryPoint","urlTemplate":"https:\/\/www.galletaspolen.com\/?s={search_term_string}"},"query-input":{"@type":"PropertyValueSpecification","valueRequired":true,"valueName":"search_term_string"}}],"inLanguage":"en-GB"}]}},"_links":{"self":[{"href":"https:\/\/www.galletaspolen.com\/en\/wp-json\/wp\/v2\/pages\/11357","targetHints":{"allow":["GET"]}}],"collection":[{"href":"https:\/\/www.galletaspolen.com\/en\/wp-json\/wp\/v2\/pages"}],"about":[{"href":"https:\/\/www.galletaspolen.com\/en\/wp-json\/wp\/v2\/types\/page"}],"author":[{"embeddable":true,"href":"https:\/\/www.galletaspolen.com\/en\/wp-json\/wp\/v2\/users\/28"}],"replies":[{"embeddable":true,"href":"https:\/\/www.galletaspolen.com\/en\/wp-json\/wp\/v2\/comments?post=11357"}],"version-history":[{"count":0,"href":"https:\/\/www.galletaspolen.com\/en\/wp-json\/wp\/v2\/pages\/11357\/revisions"}],"wp:attachment":[{"href":"https:\/\/www.galletaspolen.com\/en\/wp-json\/wp\/v2\/media?parent=11357"}],"curies":[{"name":"wp","href":"https:\/\/api.w.org\/{rel}","templated":true}]}}