{"id":11276,"date":"2018-04-16T11:52:32","date_gmt":"2018-04-16T11:52:32","guid":{"rendered":"https:\/\/www.galletaspolen.com\/?page_id=11276"},"modified":"2025-10-01T11:34:55","modified_gmt":"2025-10-01T11:34:55","slug":"fruits-of-aragon","status":"publish","type":"page","link":"https:\/\/www.galletaspolen.com\/en\/nosotros\/frutas-de-aragon\/","title":{"rendered":"Aragonese Fruits"},"content":{"rendered":"\t\t<div data-elementor-type=\"wp-page\" data-elementor-id=\"11276\" class=\"elementor elementor-11276\" data-elementor-post-type=\"page\">\n\t\t\t\t<div class=\"wd-negative-gap elementor-element elementor-element-5eb39a8 e-flex e-con-boxed e-con e-parent\" data-id=\"5eb39a8\" data-element_type=\"container\">\n\t\t\t\t\t<div class=\"e-con-inner\">\n\t\t<div class=\"elementor-element elementor-element-06758be e-con-full e-flex e-con e-child\" data-id=\"06758be\" data-element_type=\"container\">\n\t\t\t\t<div class=\"elementor-element elementor-element-8a69fd4 elementor-widget elementor-widget-heading\" data-id=\"8a69fd4\" data-element_type=\"widget\" data-widget_type=\"heading.default\">\n\t\t\t\t\t<h1 class=\"elementor-heading-title elementor-size-default\">Frutas de Arag\u00f3n<\/h1>\t\t\t\t<\/div>\n\t\t\t\t<div class=\"elementor-element elementor-element-6dbd1ce elementor-widget elementor-widget-image\" data-id=\"6dbd1ce\" data-element_type=\"widget\" data-widget_type=\"image.default\">\n\t\t\t\t\t\t\t\t\t\t\t\t\t\t\t<img decoding=\"async\" width=\"482\" height=\"350\" src=\"https:\/\/www.galletaspolen.com\/wp-content\/themes\/woodmart\/images\/lazy.svg\" class=\"attachment-large size-large wp-image-11686 wd-lazy-fade\" alt=\"frutas de arag\u00f3n\" srcset=\"\" sizes=\"(max-width: 482px) 100vw, 482px\" data-src=\"https:\/\/www.galletaspolen.com\/wp-content\/uploads\/2018\/11\/frutas-de-aragon-482x350.jpg\" data-srcset=\"https:\/\/www.galletaspolen.com\/wp-content\/uploads\/2018\/11\/frutas-de-aragon-482x350.jpg 482w, https:\/\/www.galletaspolen.com\/wp-content\/uploads\/2018\/11\/frutas-de-aragon-300x218.jpg 300w, https:\/\/www.galletaspolen.com\/wp-content\/uploads\/2018\/11\/frutas-de-aragon-150x109.jpg 150w, https:\/\/www.galletaspolen.com\/wp-content\/uploads\/2018\/11\/frutas-de-aragon-600x436.jpg 600w, https:\/\/www.galletaspolen.com\/wp-content\/uploads\/2018\/11\/frutas-de-aragon.jpg 688w\" \/>\t\t\t\t\t\t\t\t\t\t\t\t\t\t\t<\/div>\n\t\t\t\t<div class=\"elementor-element elementor-element-76a96d0 color-scheme-inherit text-left elementor-widget elementor-widget-text-editor\" data-id=\"76a96d0\" data-element_type=\"widget\" data-widget_type=\"text-editor.default\">\n\t\t\t\t\t\t\t\t\t<p>La historia de las\u00a0<strong>Frutas de Arag\u00f3n<\/strong>\u00a0comienza hace dos mil a\u00f1os, durante la \u00c9poca Romana. Ya entonces, la\u00a0<strong>comarca de Calatayud<\/strong>\u00a0era famosa por la\u00a0<strong>calidad de su fruta<\/strong>\u00a0y su m\u00e9todo de cocci\u00f3n de la\u00a0<strong>fruta fresca<\/strong>\u00a0en jarabe para conservarla.<\/p><p>La tradici\u00f3n se mantuvo, y as\u00ed en 1603 el viajero franc\u00e9s Bartolom\u00e9 Joly contaba como en Calatayud era tradicional obsequiar a los visitantes con\u00a0<strong>frutas confitadas en az\u00facar<\/strong>.<\/p><p>Todav\u00eda faltaba el toque final, y no fue hasta hace unos 70 a\u00f1os aproximadamente, cuando a alg\u00fan\u00a0<strong>desconocido pastelero<\/strong>\u00a0se le ocurri\u00f3 ba\u00f1ar los trozos de fruta con chocolate.<\/p><p>El \u00e9xito fue tal que se popularizaron con el nombre de Frutas de Arag\u00f3n.<\/p>\t\t\t\t\t\t\t\t<\/div>\n\t\t\t\t<div class=\"elementor-element elementor-element-9ee59aa elementor-widget elementor-widget-heading\" data-id=\"9ee59aa\" data-element_type=\"widget\" data-widget_type=\"heading.default\">\n\t\t\t\t\t<h2 class=\"elementor-heading-title elementor-size-default\">Frutas de Arag\u00f3n o Bomb\u00f3n de Frutas Confitadas<\/h2>\t\t\t\t<\/div>\n\t\t\t\t<div class=\"elementor-element elementor-element-af38a20 color-scheme-inherit text-left elementor-widget elementor-widget-text-editor\" data-id=\"af38a20\" data-element_type=\"widget\" data-widget_type=\"text-editor.default\">\n\t\t\t\t\t\t\t\t\t<p>La\u00a0<strong>comunidad aut\u00f3noma de Arag\u00f3n<\/strong>\u00a0cuenta con una antiqu\u00edsima tradici\u00f3n frutera. Existen testimonios del siglo XVII en los que aparecen referencias a estas\u00a0<strong>frutas t\u00edpicas aragonesas<\/strong>.<\/p><p>Este tipo de producto se elabora cubriendo de chocolate la\u00a0<strong>fruta confitada troceada<\/strong>\u00a0previamente. En la actualidad est\u00e1 extendido por diversas partes de la Pen\u00ednsula, sigue siendo un dulce aut\u00f3ctono y reglamentado por una denominaci\u00f3n, para\u00a0<strong>preservarlo de posibles imitaciones<\/strong>.<\/p><p>Como ingredientes principales para la\u00a0<strong>confecci\u00f3n de la Fruta<\/strong>\u00a0de Arag\u00f3n, aparece \u00fanicamente el chocolate, el cual debe de contar con un m\u00ednimo de un 34 % de manteca de cacao, sin poder utilizarse ning\u00fan otro tipo de grasa.<\/p><p>La\u00a0<strong>Fruta de Arag\u00f3n<\/strong>, tal cual marca el consejo regulador, puede realizarse con distintas variedades de fruta, pera, manzana, melocot\u00f3n, albaricoque, cereza, naranja, higo, ciruela o manzana, ya sean todas estas variedades surtidas o por separado.<\/p><p>Despu\u00e9s cada fabricante, decidir\u00e1 que variedades utiliza y en que proporciones, si el producto final es un surtido.<\/p>\t\t\t\t\t\t\t\t<\/div>\n\t\t\t\t<div class=\"elementor-element elementor-element-854639b elementor-widget elementor-widget-heading\" data-id=\"854639b\" data-element_type=\"widget\" data-widget_type=\"heading.default\">\n\t\t\t\t\t<h2 class=\"elementor-heading-title elementor-size-default\">Conserva de Frutas de Arag\u00f3n<\/h2>\t\t\t\t<\/div>\n\t\t\t\t<div class=\"elementor-element elementor-element-ae16e3b color-scheme-inherit text-left elementor-widget elementor-widget-text-editor\" data-id=\"ae16e3b\" data-element_type=\"widget\" data-widget_type=\"text-editor.default\">\n\t\t\t\t\t\t\t\t\t<p>El\u00a0<strong>m\u00e9todo de conservaci\u00f3n<\/strong>\u00a0empleado para la conservaci\u00f3n de esta fruta consiste en cocerla fresca en una soluci\u00f3n azucarada, similar a un jarabe, para que el az\u00facar proteja \u00edntegramente a la fruta.<\/p><p>En este proceso, al aumentar el nivel de az\u00facar de la fruta se\u00a0<strong><em>evita que el producto se deteriore r\u00e1pidamente<\/em><\/strong>.<\/p><p>Este proceso, entre otras cosas, sirve para garantizar un perfecto estado de conservaci\u00f3n de cara al consumidor. De esta manera, resulta un\u00a0<strong>exquisito manjar<\/strong>\u00a0con una jugosidad y sabor que avalan la larga tradici\u00f3n de este producto t\u00edpicamente aragon\u00e9s.<\/p><p>Su presentaci\u00f3n, agradable al consumidor, se realiza en un pl\u00e1stico encelofanado de una gran variedad de colores,\u00a0<em><strong>asignando cada color a un tipo de fruta<\/strong><\/em>\u00a0en concreto.<\/p><p>Igual que en sus or\u00edgenes, las\u00a0<a href=\"https:\/\/www.galletaspolen.com\/producto\/frutas-de-aragon-caja-3kg\/\">Frutas de Arag\u00f3n<\/a>, contin\u00faan siendo un\u00a0<strong>regalo caracter\u00edstico de nuestra tierra<\/strong>, y del cual nos sentimos muy orgullosos de poder contribuir.<\/p>\t\t\t\t\t\t\t\t<\/div>\n\t\t\t\t<div class=\"elementor-element elementor-element-a1f6e72 elementor-widget elementor-widget-image\" data-id=\"a1f6e72\" data-element_type=\"widget\" data-widget_type=\"image.default\">\n\t\t\t\t\t\t\t\t\t\t\t\t\t\t\t<img decoding=\"async\" width=\"100\" height=\"71\" src=\"https:\/\/www.galletaspolen.com\/wp-content\/themes\/woodmart\/images\/lazy.svg\" class=\"attachment-large size-large wp-image-11552 wd-lazy-fade\" alt=\"\" data-src=\"https:\/\/www.galletaspolen.com\/wp-content\/uploads\/2018\/07\/polen-galletas-login.jpg\" srcset=\"\" \/>\t\t\t\t\t\t\t\t\t\t\t\t\t\t\t<\/div>\n\t\t\t\t<\/div>\n\t\t<div class=\"elementor-element elementor-element-aa8ecb9 e-con-full e-flex e-con e-child\" data-id=\"aa8ecb9\" data-element_type=\"container\">\n\t\t<div class=\"elementor-element elementor-element-e76a22c e-con-full e-flex e-con e-child\" data-id=\"e76a22c\" data-element_type=\"container\" data-settings=\"{&quot;sticky&quot;:&quot;top&quot;,&quot;sticky_parent&quot;:&quot;yes&quot;,&quot;sticky_on&quot;:[&quot;desktop&quot;,&quot;tablet&quot;,&quot;mobile&quot;],&quot;sticky_offset&quot;:0,&quot;sticky_effects_offset&quot;:0,&quot;sticky_anchor_link_offset&quot;:0}\">\n\t\t\t\t<div class=\"elementor-element elementor-element-80de408 elementor-widget elementor-widget-heading\" data-id=\"80de408\" data-element_type=\"widget\" data-widget_type=\"heading.default\">\n\t\t\t\t\t<div class=\"elementor-heading-title elementor-size-default\">\u00bfSab\u00edas qu\u00e9?<\/div>\t\t\t\t<\/div>\n\t\t\t\t<div class=\"elementor-element elementor-element-bf48edc elementor-nav-menu--dropdown-none elementor-widget elementor-widget-nav-menu\" data-id=\"bf48edc\" data-element_type=\"widget\" data-settings=\"{&quot;layout&quot;:&quot;vertical&quot;,&quot;submenu_icon&quot;:{&quot;value&quot;:&quot;&lt;svg aria-hidden=\\&quot;true\\&quot; class=\\&quot;e-font-icon-svg e-fas-caret-down\\&quot; viewBox=\\&quot;0 0 320 512\\&quot; xmlns=\\&quot;http:\\\/\\\/www.w3.org\\\/2000\\\/svg\\&quot;&gt;&lt;path d=\\&quot;M31.3 192h257.3c17.8 0 26.7 21.5 14.1 34.1L174.1 354.8c-7.8 7.8-20.5 7.8-28.3 0L17.2 226.1C4.6 213.5 13.5 192 31.3 192z\\&quot;&gt;&lt;\\\/path&gt;&lt;\\\/svg&gt;&quot;,&quot;library&quot;:&quot;fa-solid&quot;}}\" data-widget_type=\"nav-menu.default\">\n\t\t\t\t\t\t\t\t<nav aria-label=\"Menu\" class=\"elementor-nav-menu--main elementor-nav-menu__container elementor-nav-menu--layout-vertical e--pointer-background e--animation-fade\">\n\t\t\t\t<ul id=\"menu-1-bf48edc\" class=\"elementor-nav-menu sm-vertical\"><li class=\"menu-item menu-item-type-post_type menu-item-object-page menu-item-15060\"><a href=\"https:\/\/www.galletaspolen.com\/en\/nosotros\/historia-de-la-galleta\/\" class=\"elementor-item\">Historia de la Galleta<\/a><\/li>\n<li class=\"menu-item menu-item-type-post_type menu-item-object-page menu-item-15056\"><a href=\"https:\/\/www.galletaspolen.com\/en\/nosotros\/historia-del-barquillo\/\" class=\"elementor-item\">Historia del Barquillo<\/a><\/li>\n<li class=\"menu-item menu-item-type-post_type menu-item-object-page menu-item-15059\"><a href=\"https:\/\/www.galletaspolen.com\/en\/nosotros\/historia-del-chocolate\/\" class=\"elementor-item\">Historia del chocolate<\/a><\/li>\n<li class=\"menu-item menu-item-type-post_type menu-item-object-page menu-item-15058\"><a href=\"https:\/\/www.galletaspolen.com\/en\/nosotros\/ventajas-del-consumo-de-chocolate\/\" class=\"elementor-item\">Ventajas del consumo de Chocolate<\/a><\/li>\n<li class=\"menu-item menu-item-type-post_type menu-item-object-page menu-item-15057\"><a href=\"https:\/\/www.galletaspolen.com\/en\/nosotros\/frutas-de-aragon\/\" class=\"elementor-item\">Frutas de Arag\u00f3n<\/a><\/li>\n<\/ul>\t\t\t<\/nav>\n\t\t\t\t\t\t<nav class=\"elementor-nav-menu--dropdown elementor-nav-menu__container\" aria-hidden=\"true\">\n\t\t\t\t<ul id=\"menu-2-bf48edc\" class=\"elementor-nav-menu sm-vertical\"><li class=\"menu-item menu-item-type-post_type menu-item-object-page menu-item-15060\"><a href=\"https:\/\/www.galletaspolen.com\/en\/nosotros\/historia-de-la-galleta\/\" class=\"elementor-item\" tabindex=\"-1\">Historia de la Galleta<\/a><\/li>\n<li class=\"menu-item menu-item-type-post_type menu-item-object-page menu-item-15056\"><a href=\"https:\/\/www.galletaspolen.com\/en\/nosotros\/historia-del-barquillo\/\" class=\"elementor-item\" tabindex=\"-1\">Historia del Barquillo<\/a><\/li>\n<li class=\"menu-item menu-item-type-post_type menu-item-object-page menu-item-15059\"><a href=\"https:\/\/www.galletaspolen.com\/en\/nosotros\/historia-del-chocolate\/\" class=\"elementor-item\" tabindex=\"-1\">Historia del chocolate<\/a><\/li>\n<li class=\"menu-item menu-item-type-post_type menu-item-object-page menu-item-15058\"><a href=\"https:\/\/www.galletaspolen.com\/en\/nosotros\/ventajas-del-consumo-de-chocolate\/\" class=\"elementor-item\" tabindex=\"-1\">Ventajas del consumo de Chocolate<\/a><\/li>\n<li class=\"menu-item menu-item-type-post_type menu-item-object-page menu-item-15057\"><a href=\"https:\/\/www.galletaspolen.com\/en\/nosotros\/frutas-de-aragon\/\" class=\"elementor-item\" tabindex=\"-1\">Frutas de Arag\u00f3n<\/a><\/li>\n<\/ul>\t\t\t<\/nav>\n\t\t\t\t\t\t<\/div>\n\t\t\t\t<\/div>\n\t\t\t\t<\/div>\n\t\t\t\t\t<\/div>\n\t\t\t\t<\/div>\n\t\t\t\t<\/div>\n\t\t","protected":false},"excerpt":{"rendered":"<p>Frutas de Arag\u00f3n La historia de las\u00a0Frutas de Arag\u00f3n\u00a0comienza hace dos mil a\u00f1os, durante la \u00c9poca Romana. Ya entonces, la\u00a0comarca<\/p>","protected":false},"author":28,"featured_media":0,"parent":7325,"menu_order":0,"comment_status":"closed","ping_status":"closed","template":"","meta":{"footnotes":""},"class_list":["post-11276","page","type-page","status-publish","hentry"],"yoast_head":"<!-- This site is optimized with the Yoast SEO plugin v26.0 - https:\/\/yoast.com\/wordpress\/plugins\/seo\/ -->\n<title>Frutas de Arag\u00f3n, el dulce a base de frutas confitadas.<\/title>\n<meta name=\"description\" content=\"Las frutas de arag\u00f3n son frutas confitadas y recubiertas con chocolate con la apariencia similar al cl\u00e1sico bomb\u00f3n de chocolate.\" \/>\n<meta name=\"robots\" content=\"index, follow, max-snippet:-1, max-image-preview:large, max-video-preview:-1\" \/>\n<link rel=\"canonical\" href=\"https:\/\/www.galletaspolen.com\/en\/us\/fruits-of-aragon\/\" \/>\n<meta property=\"og:locale\" content=\"en_GB\" \/>\n<meta property=\"og:type\" content=\"article\" \/>\n<meta property=\"og:title\" content=\"Frutas de Arag\u00f3n, el dulce a base de frutas confitadas.\" \/>\n<meta property=\"og:description\" content=\"Las frutas de arag\u00f3n son frutas confitadas y recubiertas con chocolate con la apariencia similar al cl\u00e1sico bomb\u00f3n de chocolate.\" \/>\n<meta property=\"og:url\" content=\"https:\/\/www.galletaspolen.com\/en\/us\/fruits-of-aragon\/\" \/>\n<meta property=\"og:site_name\" content=\"Galletas Polen\" \/>\n<meta property=\"article:modified_time\" content=\"2025-10-01T11:34:55+00:00\" \/>\n<meta property=\"og:image\" content=\"https:\/\/www.galletaspolen.com\/wp-content\/uploads\/2018\/11\/frutas-de-aragon.jpg\" \/>\n\t<meta property=\"og:image:width\" content=\"688\" \/>\n\t<meta property=\"og:image:height\" content=\"500\" \/>\n\t<meta property=\"og:image:type\" content=\"image\/jpeg\" \/>\n<meta name=\"twitter:card\" content=\"summary_large_image\" \/>\n<meta name=\"twitter:label1\" content=\"Estimated reading time\" \/>\n\t<meta name=\"twitter:data1\" content=\"3 minutes\" \/>\n<script type=\"application\/ld+json\" class=\"yoast-schema-graph\">{\"@context\":\"https:\/\/schema.org\",\"@graph\":[{\"@type\":\"WebPage\",\"@id\":\"https:\/\/www.galletaspolen.com\/nosotros\/frutas-de-aragon\/\",\"url\":\"https:\/\/www.galletaspolen.com\/nosotros\/frutas-de-aragon\/\",\"name\":\"Frutas de Arag\u00f3n, el dulce a base de frutas confitadas.\",\"isPartOf\":{\"@id\":\"https:\/\/www.galletaspolen.com\/#website\"},\"primaryImageOfPage\":{\"@id\":\"https:\/\/www.galletaspolen.com\/nosotros\/frutas-de-aragon\/#primaryimage\"},\"image\":{\"@id\":\"https:\/\/www.galletaspolen.com\/nosotros\/frutas-de-aragon\/#primaryimage\"},\"thumbnailUrl\":\"https:\/\/www.galletaspolen.com\/wp-content\/uploads\/2018\/11\/frutas-de-aragon-482x350.jpg\",\"datePublished\":\"2018-04-16T11:52:32+00:00\",\"dateModified\":\"2025-10-01T11:34:55+00:00\",\"description\":\"Las frutas de arag\u00f3n son frutas confitadas y recubiertas con chocolate con la apariencia similar al cl\u00e1sico bomb\u00f3n de chocolate.\",\"breadcrumb\":{\"@id\":\"https:\/\/www.galletaspolen.com\/nosotros\/frutas-de-aragon\/#breadcrumb\"},\"inLanguage\":\"en-GB\",\"potentialAction\":[{\"@type\":\"ReadAction\",\"target\":[\"https:\/\/www.galletaspolen.com\/nosotros\/frutas-de-aragon\/\"]}]},{\"@type\":\"ImageObject\",\"inLanguage\":\"en-GB\",\"@id\":\"https:\/\/www.galletaspolen.com\/nosotros\/frutas-de-aragon\/#primaryimage\",\"url\":\"https:\/\/www.galletaspolen.com\/wp-content\/uploads\/2018\/11\/frutas-de-aragon-482x350.jpg\",\"contentUrl\":\"https:\/\/www.galletaspolen.com\/wp-content\/uploads\/2018\/11\/frutas-de-aragon-482x350.jpg\"},{\"@type\":\"BreadcrumbList\",\"@id\":\"https:\/\/www.galletaspolen.com\/nosotros\/frutas-de-aragon\/#breadcrumb\",\"itemListElement\":[{\"@type\":\"ListItem\",\"position\":1,\"name\":\"Portada\",\"item\":\"https:\/\/www.galletaspolen.com\/\"},{\"@type\":\"ListItem\",\"position\":2,\"name\":\"Nosotros\",\"item\":\"https:\/\/www.galletaspolen.com\/nosotros\/\"},{\"@type\":\"ListItem\",\"position\":3,\"name\":\"Frutas de Arag\u00f3n\"}]},{\"@type\":\"WebSite\",\"@id\":\"https:\/\/www.galletaspolen.com\/#website\",\"url\":\"https:\/\/www.galletaspolen.com\/\",\"name\":\"Galletas Polen\",\"description\":\"Productos artesanales y autenticos\",\"potentialAction\":[{\"@type\":\"SearchAction\",\"target\":{\"@type\":\"EntryPoint\",\"urlTemplate\":\"https:\/\/www.galletaspolen.com\/?s={search_term_string}\"},\"query-input\":{\"@type\":\"PropertyValueSpecification\",\"valueRequired\":true,\"valueName\":\"search_term_string\"}}],\"inLanguage\":\"en-GB\"}]}<\/script>\n<!-- \/ Yoast SEO plugin. -->","yoast_head_json":{"title":"Aragon Fruits, the confectionery made from candied fruits.","description":"Arag\u00f3n fruits are candied fruits coated in chocolate with an appearance similar to the classic chocolate bonbon.","robots":{"index":"index","follow":"follow","max-snippet":"max-snippet:-1","max-image-preview":"max-image-preview:large","max-video-preview":"max-video-preview:-1"},"canonical":"https:\/\/www.galletaspolen.com\/en\/us\/fruits-of-aragon\/","og_locale":"en_GB","og_type":"article","og_title":"Frutas de Arag\u00f3n, el dulce a base de frutas confitadas.","og_description":"Las frutas de arag\u00f3n son frutas confitadas y recubiertas con chocolate con la apariencia similar al cl\u00e1sico bomb\u00f3n de chocolate.","og_url":"https:\/\/www.galletaspolen.com\/en\/us\/fruits-of-aragon\/","og_site_name":"Galletas Polen","article_modified_time":"2025-10-01T11:34:55+00:00","og_image":[{"width":688,"height":500,"url":"https:\/\/www.galletaspolen.com\/wp-content\/uploads\/2018\/11\/frutas-de-aragon.jpg","type":"image\/jpeg"}],"twitter_card":"summary_large_image","twitter_misc":{"Estimated reading time":"3 minutes"},"schema":{"@context":"https:\/\/schema.org","@graph":[{"@type":"WebPage","@id":"https:\/\/www.galletaspolen.com\/nosotros\/frutas-de-aragon\/","url":"https:\/\/www.galletaspolen.com\/nosotros\/frutas-de-aragon\/","name":"Aragon Fruits, the confectionery made from candied fruits.","isPartOf":{"@id":"https:\/\/www.galletaspolen.com\/#website"},"primaryImageOfPage":{"@id":"https:\/\/www.galletaspolen.com\/nosotros\/frutas-de-aragon\/#primaryimage"},"image":{"@id":"https:\/\/www.galletaspolen.com\/nosotros\/frutas-de-aragon\/#primaryimage"},"thumbnailUrl":"https:\/\/www.galletaspolen.com\/wp-content\/uploads\/2018\/11\/frutas-de-aragon-482x350.jpg","datePublished":"2018-04-16T11:52:32+00:00","dateModified":"2025-10-01T11:34:55+00:00","description":"Arag\u00f3n fruits are candied fruits coated in chocolate with an appearance similar to the classic chocolate bonbon.","breadcrumb":{"@id":"https:\/\/www.galletaspolen.com\/nosotros\/frutas-de-aragon\/#breadcrumb"},"inLanguage":"en-GB","potentialAction":[{"@type":"ReadAction","target":["https:\/\/www.galletaspolen.com\/nosotros\/frutas-de-aragon\/"]}]},{"@type":"ImageObject","inLanguage":"en-GB","@id":"https:\/\/www.galletaspolen.com\/nosotros\/frutas-de-aragon\/#primaryimage","url":"https:\/\/www.galletaspolen.com\/wp-content\/uploads\/2018\/11\/frutas-de-aragon-482x350.jpg","contentUrl":"https:\/\/www.galletaspolen.com\/wp-content\/uploads\/2018\/11\/frutas-de-aragon-482x350.jpg"},{"@type":"BreadcrumbList","@id":"https:\/\/www.galletaspolen.com\/nosotros\/frutas-de-aragon\/#breadcrumb","itemListElement":[{"@type":"ListItem","position":1,"name":"Portada","item":"https:\/\/www.galletaspolen.com\/"},{"@type":"ListItem","position":2,"name":"Nosotros","item":"https:\/\/www.galletaspolen.com\/nosotros\/"},{"@type":"ListItem","position":3,"name":"Frutas de Arag\u00f3n"}]},{"@type":"WebSite","@id":"https:\/\/www.galletaspolen.com\/#website","url":"https:\/\/www.galletaspolen.com\/","name":"Polen biscuits","description":"Artisan and authentic products","potentialAction":[{"@type":"SearchAction","target":{"@type":"EntryPoint","urlTemplate":"https:\/\/www.galletaspolen.com\/?s={search_term_string}"},"query-input":{"@type":"PropertyValueSpecification","valueRequired":true,"valueName":"search_term_string"}}],"inLanguage":"en-GB"}]}},"_links":{"self":[{"href":"https:\/\/www.galletaspolen.com\/en\/wp-json\/wp\/v2\/pages\/11276","targetHints":{"allow":["GET"]}}],"collection":[{"href":"https:\/\/www.galletaspolen.com\/en\/wp-json\/wp\/v2\/pages"}],"about":[{"href":"https:\/\/www.galletaspolen.com\/en\/wp-json\/wp\/v2\/types\/page"}],"author":[{"embeddable":true,"href":"https:\/\/www.galletaspolen.com\/en\/wp-json\/wp\/v2\/users\/28"}],"replies":[{"embeddable":true,"href":"https:\/\/www.galletaspolen.com\/en\/wp-json\/wp\/v2\/comments?post=11276"}],"version-history":[{"count":9,"href":"https:\/\/www.galletaspolen.com\/en\/wp-json\/wp\/v2\/pages\/11276\/revisions"}],"predecessor-version":[{"id":16323,"href":"https:\/\/www.galletaspolen.com\/en\/wp-json\/wp\/v2\/pages\/11276\/revisions\/16323"}],"up":[{"embeddable":true,"href":"https:\/\/www.galletaspolen.com\/en\/wp-json\/wp\/v2\/pages\/7325"}],"wp:attachment":[{"href":"https:\/\/www.galletaspolen.com\/en\/wp-json\/wp\/v2\/media?parent=11276"}],"curies":[{"name":"wp","href":"https:\/\/api.w.org\/{rel}","templated":true}]}}